{"id":424,"date":"2024-11-13T17:38:15","date_gmt":"2024-11-13T16:38:15","guid":{"rendered":"https:\/\/nudethebrand.fr\/?post_type=product&#038;p=424"},"modified":"2025-06-18T19:12:48","modified_gmt":"2025-06-18T17:12:48","slug":"apis-piercing-anneau-marquises-twist-titane-zircon","status":"publish","type":"product","link":"https:\/\/nudethebrand.fr\/index.php\/produit\/apis-piercing-anneau-marquises-twist-titane-zircon\/","title":{"rendered":"Apis"},"content":{"rendered":"<p>[et_pb_section fb_built=&#8221;1&#8243; _builder_version=&#8221;4.16&#8243; custom_padding=&#8221;0px||||false|false&#8221; global_colors_info=&#8221;{}&#8221;][et_pb_row _builder_version=&#8221;4.16&#8243; background_size=&#8221;initial&#8221; background_position=&#8221;top_left&#8221; background_repeat=&#8221;repeat&#8221; width=&#8221;100%&#8221; custom_padding=&#8221;0px||0px||false|false&#8221; global_colors_info=&#8221;{}&#8221;][et_pb_column type=&#8221;4_4&#8243; _builder_version=&#8221;4.16&#8243; custom_padding=&#8221;|||&#8221; global_colors_info=&#8221;{}&#8221; custom_padding__hover=&#8221;|||&#8221;][et_pb_wc_breadcrumb _builder_version=&#8221;4.16&#8243; global_colors_info=&#8221;{}&#8221;][\/et_pb_wc_breadcrumb][et_pb_wc_cart_notice _builder_version=&#8221;4.16&#8243; global_colors_info=&#8221;{}&#8221;][\/et_pb_wc_cart_notice][\/et_pb_column][\/et_pb_row][et_pb_row column_structure=&#8221;1_2,1_2&#8243; _builder_version=&#8221;4.16&#8243; background_size=&#8221;initial&#8221; background_position=&#8221;top_left&#8221; background_repeat=&#8221;repeat&#8221; width=&#8221;100%&#8221; custom_padding=&#8221;0px||||false|false&#8221; global_colors_info=&#8221;{}&#8221;][et_pb_column type=&#8221;1_2&#8243; _builder_version=&#8221;4.16&#8243; custom_padding=&#8221;|||&#8221; global_colors_info=&#8221;{}&#8221; custom_padding__hover=&#8221;|||&#8221;][et_pb_wc_images _builder_version=&#8221;4.16&#8243; global_colors_info=&#8221;{}&#8221;][\/et_pb_wc_images][\/et_pb_column][et_pb_column type=&#8221;1_2&#8243; _builder_version=&#8221;4.16&#8243; custom_padding=&#8221;|||&#8221; global_colors_info=&#8221;{}&#8221; custom_padding__hover=&#8221;|||&#8221;][et_pb_wc_title _builder_version=&#8221;4.16&#8243; global_colors_info=&#8221;{}&#8221;][\/et_pb_wc_title][et_pb_wc_rating _builder_version=&#8221;4.16&#8243; global_colors_info=&#8221;{}&#8221;][\/et_pb_wc_rating][et_pb_wc_price _builder_version=&#8221;4.16&#8243; global_colors_info=&#8221;{}&#8221;][\/et_pb_wc_price][et_pb_wc_description _builder_version=&#8221;4.26.0&#8243; global_colors_info=&#8221;{}&#8221;][\/et_pb_wc_description][et_pb_wc_add_to_cart field_label_position=&#8221;inline&#8221; _builder_version=&#8221;4.26.0&#8243; fields_background_color=&#8221;gcid-8b818a43-9fec-4e67-9a8c-d5e33f6e6be1&#8243; fields_text_color=&#8221;gcid-3bc1f4a8-d3a1-4b6c-8453-476c3040c92b&#8221; fields_focus_background_color=&#8221;gcid-8b818a43-9fec-4e67-9a8c-d5e33f6e6be1&#8243; fields_focus_text_color=&#8221;gcid-8b818a43-9fec-4e67-9a8c-d5e33f6e6be1&#8243; fields_custom_margin=&#8221;||||false|false&#8221; fields_custom_padding=&#8221;||||false|false&#8221; dropdown_menus_background_color=&#8221;gcid-8b818a43-9fec-4e67-9a8c-d5e33f6e6be1&#8243; dropdown_menus_text_color=&#8221;gcid-07b38b3b-5331-4694-abb8-4525d4da000e&#8221; dropdown_menus_custom_margin=&#8221;10px||||false|false&#8221; button_rel=&#8221;off|off|off|off|off&#8221; global_colors_info=&#8221;{%22gcid-8b818a43-9fec-4e67-9a8c-d5e33f6e6be1%22:%91%22dropdown_menus_background_color%22,%22fields_background_color%22,%22fields_focus_background_color%22,%22fields_focus_text_color%22%93,%22gcid-3bc1f4a8-d3a1-4b6c-8453-476c3040c92b%22:%91%22fields_text_color%22%93,%22gcid-07b38b3b-5331-4694-abb8-4525d4da000e%22:%91%22dropdown_menus_text_color%22%93}&#8221;][\/et_pb_wc_add_to_cart][et_pb_wc_meta _builder_version=&#8221;4.16&#8243; global_colors_info=&#8221;{}&#8221;][\/et_pb_wc_meta][\/et_pb_column][\/et_pb_row][et_pb_row _builder_version=&#8221;4.16&#8243; background_size=&#8221;initial&#8221; background_position=&#8221;top_left&#8221; background_repeat=&#8221;repeat&#8221; width=&#8221;100%&#8221; global_colors_info=&#8221;{}&#8221;][et_pb_column type=&#8221;4_4&#8243; _builder_version=&#8221;4.16&#8243; custom_padding=&#8221;|||&#8221; global_colors_info=&#8221;{}&#8221; custom_padding__hover=&#8221;|||&#8221;][et_pb_wc_tabs include_tabs=&#8221;|additional_information|reviews&#8221; _builder_version=&#8221;4.26.0&#8243; global_colors_info=&#8221;{}&#8221;] [\/et_pb_wc_tabs][et_pb_wc_upsells _builder_version=&#8221;4.16&#8243; global_colors_info=&#8221;{}&#8221;][\/et_pb_wc_upsells][et_pb_wc_related_products _builder_version=&#8221;4.16&#8243; global_colors_info=&#8221;{}&#8221;][\/et_pb_wc_related_products][\/et_pb_column][\/et_pb_row][\/et_pb_section]<\/p>\n","protected":false},"excerpt":{"rendered":"<h4 class=\"wt-line-height-tight wt-break-word wt-text-body-01\" tabindex=\"0\" data-buy-box-listing-title=\"true\">Apis &#8211; Piercing double serti 8,10 et 12mm dor\u00e9 en titane ASTM-F136 dor\u00e9 &#8211; H\u00e9lix cartilage dor\u00e9 zircon lobe piercing oreille<\/h4>\n<p>\u2726 Entretien:<\/p>\n<p>Plus l\u00e9ger et souple que l\u2019acier, le titane est l\u2019un des mat\u00e9riaux le mieux recommand\u00e9 pour le corps du fait qu\u2019il permet une meilleure cicatrisation et tol\u00e9rance au rejet.<\/p>\n<p>\u2726 Emballage:<\/p>\n<p>Afin de les prot\u00e9ger, les bijoux sont emball\u00e9s dans un pochon NUDE THE BRAND.<\/p>\n","protected":false},"featured_media":429,"comment_status":"open","ping_status":"closed","template":"","meta":{"_et_pb_use_builder":"on","_et_pb_old_content":"","_et_gb_content_width":""},"product_brand":[],"product_cat":[34,30,36,32,29,44,17,19,25],"product_tag":[],"class_list":{"0":"post-424","1":"product","2":"type-product","3":"status-publish","4":"has-post-thumbnail","6":"product_cat-anti-helix","7":"product_cat-conch","8":"product_cat-daith","9":"product_cat-helix","10":"product_cat-lobe","11":"product_cat-zircon","12":"product_cat-titane","13":"product_cat-oreille","14":"product_cat-anneau","16":"first","17":"instock","18":"featured","19":"shipping-taxable","20":"purchasable","21":"product-type-variable"},"jetpack_sharing_enabled":true,"_links":{"self":[{"href":"https:\/\/nudethebrand.fr\/index.php\/wp-json\/wp\/v2\/product\/424","targetHints":{"allow":["GET"]}}],"collection":[{"href":"https:\/\/nudethebrand.fr\/index.php\/wp-json\/wp\/v2\/product"}],"about":[{"href":"https:\/\/nudethebrand.fr\/index.php\/wp-json\/wp\/v2\/types\/product"}],"replies":[{"embeddable":true,"href":"https:\/\/nudethebrand.fr\/index.php\/wp-json\/wp\/v2\/comments?post=424"}],"wp:featuredmedia":[{"embeddable":true,"href":"https:\/\/nudethebrand.fr\/index.php\/wp-json\/wp\/v2\/media\/429"}],"wp:attachment":[{"href":"https:\/\/nudethebrand.fr\/index.php\/wp-json\/wp\/v2\/media?parent=424"}],"wp:term":[{"taxonomy":"product_brand","embeddable":true,"href":"https:\/\/nudethebrand.fr\/index.php\/wp-json\/wp\/v2\/product_brand?post=424"},{"taxonomy":"product_cat","embeddable":true,"href":"https:\/\/nudethebrand.fr\/index.php\/wp-json\/wp\/v2\/product_cat?post=424"},{"taxonomy":"product_tag","embeddable":true,"href":"https:\/\/nudethebrand.fr\/index.php\/wp-json\/wp\/v2\/product_tag?post=424"}],"curies":[{"name":"wp","href":"https:\/\/api.w.org\/{rel}","templated":true}]}}